{"id":10691,"date":"2021-01-21T11:29:22","date_gmt":"2021-01-21T11:29:22","guid":{"rendered":"https:\/\/www.toladata.com\/blog\/"},"modified":"2021-03-01T14:27:38","modified_gmt":"2021-03-01T14:27:38","slug":"blog","status":"publish","type":"page","link":"https:\/\/www.toladata.com\/fr\/blog\/","title":{"rendered":"Blog"},"content":{"rendered":"\t\t<div data-elementor-type=\"wp-post\" data-elementor-id=\"10691\" class=\"elementor elementor-10691 elementor-1435\" data-elementor-post-type=\"page\">\n\t\t\t\t\t\t<section class=\"elementor-section elementor-top-section elementor-element elementor-element-a49a9ea elementor-section-boxed elementor-section-height-default elementor-section-height-default\" data-id=\"a49a9ea\" data-element_type=\"section\" data-e-type=\"section\">\n\t\t\t\t\t\t<div class=\"elementor-container elementor-column-gap-default\">\n\t\t\t\t\t<div class=\"elementor-column elementor-col-100 elementor-top-column elementor-element elementor-element-163326c\" data-id=\"163326c\" data-element_type=\"column\" data-e-type=\"column\">\n\t\t\t<div class=\"elementor-widget-wrap elementor-element-populated\">\n\t\t\t\t\t\t<div class=\"elementor-element elementor-element-c51e3de elementor-widget elementor-widget-image\" data-id=\"c51e3de\" data-element_type=\"widget\" data-e-type=\"widget\" data-widget_type=\"image.default\">\n\t\t\t\t<div class=\"elementor-widget-container\">\n\t\t\t\t\t\t\t\t\t\t\t\t\t\t\t<img fetchpriority=\"high\" decoding=\"async\" width=\"1024\" height=\"304\" src=\"https:\/\/www.toladata.com\/wp-content\/uploads\/2021\/03\/blog-de-toladata-1024x304.png\" class=\"attachment-large size-large wp-image-10943\" alt=\"\" srcset=\"https:\/\/www.toladata.com\/wp-content\/uploads\/2021\/03\/blog-de-toladata-1024x304.png 1024w, https:\/\/www.toladata.com\/wp-content\/uploads\/2021\/03\/blog-de-toladata-300x89.png 300w, https:\/\/www.toladata.com\/wp-content\/uploads\/2021\/03\/blog-de-toladata-768x228.png 768w, https:\/\/www.toladata.com\/wp-content\/uploads\/2021\/03\/blog-de-toladata.png 1121w\" sizes=\"(max-width: 1024px) 100vw, 1024px\" \/>\t\t\t\t\t\t\t\t\t\t\t\t\t\t\t<\/div>\n\t\t\t\t<\/div>\n\t\t\t\t\t<\/div>\n\t\t<\/div>\n\t\t\t\t\t<\/div>\n\t\t<\/section>\n\t\t\t\t<section class=\"elementor-section elementor-top-section elementor-element elementor-element-41ee783 elementor-section-boxed elementor-section-height-default elementor-section-height-default\" data-id=\"41ee783\" data-element_type=\"section\" data-e-type=\"section\">\n\t\t\t\t\t\t<div class=\"elementor-container elementor-column-gap-default\">\n\t\t\t\t\t<div class=\"elementor-column elementor-col-100 elementor-top-column elementor-element elementor-element-f1b13c4\" data-id=\"f1b13c4\" data-element_type=\"column\" data-e-type=\"column\">\n\t\t\t<div class=\"elementor-widget-wrap elementor-element-populated\">\n\t\t\t\t\t\t<div class=\"elementor-element elementor-element-fe17151 elementor-widget elementor-widget-text-editor\" data-id=\"fe17151\" data-element_type=\"widget\" data-e-type=\"widget\" data-widget_type=\"text-editor.default\">\n\t\t\t\t<div class=\"elementor-widget-container\">\n\t\t\t\t\t\t\t\t\t<p>Mises \u00e0 jour de la num\u00e9risation du secteur des ONG.<\/p>\n\t\t\t\t\t\t\t\t<\/div>\n\t\t\t\t<\/div>\n\t\t\t\t\t<\/div>\n\t\t<\/div>\n\t\t\t\t\t<\/div>\n\t\t<\/section>\n\t\t\t\t<section class=\"elementor-section elementor-top-section elementor-element elementor-element-a02e86a elementor-section-boxed elementor-section-height-default elementor-section-height-default\" data-id=\"a02e86a\" data-element_type=\"section\" data-e-type=\"section\">\n\t\t\t\t\t\t<div class=\"elementor-container elementor-column-gap-default\">\n\t\t\t\t\t<div class=\"elementor-column elementor-col-100 elementor-top-column elementor-element elementor-element-ad737d2\" data-id=\"ad737d2\" data-element_type=\"column\" data-e-type=\"column\">\n\t\t\t<div class=\"elementor-widget-wrap elementor-element-populated\">\n\t\t\t\t\t\t<div class=\"elementor-element elementor-element-17f1435 elementor-grid-3 elementor-grid-tablet-2 elementor-grid-mobile-1 elementor-posts--thumbnail-top elementor-card-shadow-yes elementor-posts__hover-gradient elementor-widget elementor-widget-posts\" data-id=\"17f1435\" data-element_type=\"widget\" data-e-type=\"widget\" data-settings=\"{&quot;pagination_type&quot;:&quot;numbers&quot;,&quot;cards_columns&quot;:&quot;3&quot;,&quot;cards_columns_tablet&quot;:&quot;2&quot;,&quot;cards_columns_mobile&quot;:&quot;1&quot;,&quot;cards_row_gap&quot;:{&quot;unit&quot;:&quot;px&quot;,&quot;size&quot;:35,&quot;sizes&quot;:[]},&quot;cards_row_gap_tablet&quot;:{&quot;unit&quot;:&quot;px&quot;,&quot;size&quot;:&quot;&quot;,&quot;sizes&quot;:[]},&quot;cards_row_gap_mobile&quot;:{&quot;unit&quot;:&quot;px&quot;,&quot;size&quot;:&quot;&quot;,&quot;sizes&quot;:[]}}\" data-widget_type=\"posts.cards\">\n\t\t\t\t<div class=\"elementor-widget-container\">\n\t\t\t\t\t\t\t<div class=\"elementor-posts-container elementor-posts elementor-posts--skin-cards elementor-grid\" role=\"list\">\n\t\t\t\t<article class=\"elementor-post elementor-grid-item post-18443 post type-post status-publish format-standard has-post-thumbnail hentry category-blog-fr\" role=\"listitem\">\n\t\t\t<div class=\"elementor-post__card\">\n\t\t\t\t<a class=\"elementor-post__thumbnail__link\" href=\"https:\/\/www.toladata.com\/fr\/blog\/explorer-le-pouvoir-du-suivi-et-de-levaluation-se-avec-la-specialiste-kandi-shejavali-partie-1\/\" tabindex=\"-1\" ><div class=\"elementor-post__thumbnail\"><img decoding=\"async\" width=\"300\" height=\"221\" src=\"https:\/\/www.toladata.com\/wp-content\/uploads\/2021\/12\/ME-interview-with-Kandi-Shejavali-TolaData-300x221.png\" class=\"attachment-medium size-medium wp-image-17436\" alt=\"M&amp;E interview with specialist Kandi Shejavali\" srcset=\"https:\/\/www.toladata.com\/wp-content\/uploads\/2021\/12\/ME-interview-with-Kandi-Shejavali-TolaData-300x221.png 300w, https:\/\/www.toladata.com\/wp-content\/uploads\/2021\/12\/ME-interview-with-Kandi-Shejavali-TolaData-1024x755.png 1024w, https:\/\/www.toladata.com\/wp-content\/uploads\/2021\/12\/ME-interview-with-Kandi-Shejavali-TolaData-768x566.png 768w, https:\/\/www.toladata.com\/wp-content\/uploads\/2021\/12\/ME-interview-with-Kandi-Shejavali-TolaData-1536x1132.png 1536w, https:\/\/www.toladata.com\/wp-content\/uploads\/2021\/12\/ME-interview-with-Kandi-Shejavali-TolaData.png 1558w\" sizes=\"(max-width: 300px) 100vw, 300px\" \/><\/div><\/a>\n\t\t\t\t<div class=\"elementor-post__text\">\n\t\t\t\t<h3 class=\"elementor-post__title\">\n\t\t\t<a href=\"https:\/\/www.toladata.com\/fr\/blog\/explorer-le-pouvoir-du-suivi-et-de-levaluation-se-avec-la-specialiste-kandi-shejavali-partie-1\/\" >\n\t\t\t\tExplorer le pouvoir du suivi et de l&rsquo;\u00e9valuation (S&amp;E) avec la sp\u00e9cialiste Kandi Shejavali &#8211; partie 1\t\t\t<\/a>\n\t\t<\/h3>\n\t\t\t\t<div class=\"elementor-post__excerpt\">\n\t\t\t<p>Explorer le pouvoir du suivi et de l&rsquo;\u00e9valuation (S&amp;E) avec la sp\u00e9cialiste Kandi Shejavali &#8211; partie 1 Kandi Shejavali, sp\u00e9cialiste du suivi et de l&rsquo;\u00e9valuation,<\/p>\n\t\t<\/div>\n\t\t\n\t\t<a class=\"elementor-post__read-more\" href=\"https:\/\/www.toladata.com\/fr\/blog\/explorer-le-pouvoir-du-suivi-et-de-levaluation-se-avec-la-specialiste-kandi-shejavali-partie-1\/\" aria-label=\"En savoir plus sur Explorer le pouvoir du suivi et de l&rsquo;\u00e9valuation (S&amp;E) avec la sp\u00e9cialiste Kandi Shejavali &#8211; partie 1\" tabindex=\"-1\" >\n\t\t\tLire la suite \u00bb\t\t<\/a>\n\n\t\t\t\t<\/div>\n\t\t\t\t<div class=\"elementor-post__meta-data\">\n\t\t\t\t\t<span class=\"elementor-post-date\">\n\t\t\t22 f\u00e9vrier 2022\t\t<\/span>\n\t\t\t\t<\/div>\n\t\t\t\t\t<\/div>\n\t\t<\/article>\n\t\t\t\t<article class=\"elementor-post elementor-grid-item post-18234 post type-post status-publish format-standard has-post-thumbnail hentry category-blog-fr\" role=\"listitem\">\n\t\t\t<div class=\"elementor-post__card\">\n\t\t\t\t<a class=\"elementor-post__thumbnail__link\" href=\"https:\/\/www.toladata.com\/fr\/blog\/integration-de-la-dimension-de-genre-dans-les-systemes-de-suivi-et-devaluation-se-bonnes-pratiques\/\" tabindex=\"-1\" ><div class=\"elementor-post__thumbnail\"><img decoding=\"async\" width=\"300\" height=\"221\" src=\"https:\/\/www.toladata.com\/wp-content\/uploads\/2021\/11\/Integrating-gender-into-ME-systems-toladata-1-300x221.png\" class=\"attachment-medium size-medium wp-image-17028\" alt=\"Int\u00e9grer la dimension de genre dans le suivi et l&#039;\u00e9valuation\" srcset=\"https:\/\/www.toladata.com\/wp-content\/uploads\/2021\/11\/Integrating-gender-into-ME-systems-toladata-1-300x221.png 300w, https:\/\/www.toladata.com\/wp-content\/uploads\/2021\/11\/Integrating-gender-into-ME-systems-toladata-1-1024x755.png 1024w, https:\/\/www.toladata.com\/wp-content\/uploads\/2021\/11\/Integrating-gender-into-ME-systems-toladata-1-768x566.png 768w, https:\/\/www.toladata.com\/wp-content\/uploads\/2021\/11\/Integrating-gender-into-ME-systems-toladata-1-1536x1132.png 1536w, https:\/\/www.toladata.com\/wp-content\/uploads\/2021\/11\/Integrating-gender-into-ME-systems-toladata-1.png 1558w\" sizes=\"(max-width: 300px) 100vw, 300px\" \/><\/div><\/a>\n\t\t\t\t<div class=\"elementor-post__text\">\n\t\t\t\t<h3 class=\"elementor-post__title\">\n\t\t\t<a href=\"https:\/\/www.toladata.com\/fr\/blog\/integration-de-la-dimension-de-genre-dans-les-systemes-de-suivi-et-devaluation-se-bonnes-pratiques\/\" >\n\t\t\t\tInt\u00e9gration de la dimension de genre dans les syst\u00e8mes de suivi et d&rsquo;\u00e9valuation (S&amp;E) &#8211; bonnes pratiques\t\t\t<\/a>\n\t\t<\/h3>\n\t\t\t\t<div class=\"elementor-post__excerpt\">\n\t\t\t<p>Int\u00e9gration de la dimension de genre dans les syst\u00e8mes de suivi et d&rsquo;\u00e9valuation (S&amp;E) &#8211; bonnes pratiques L&rsquo;int\u00e9gration d&rsquo;une dimension de genre dans les structures<\/p>\n\t\t<\/div>\n\t\t\n\t\t<a class=\"elementor-post__read-more\" href=\"https:\/\/www.toladata.com\/fr\/blog\/integration-de-la-dimension-de-genre-dans-les-systemes-de-suivi-et-devaluation-se-bonnes-pratiques\/\" aria-label=\"En savoir plus sur Int\u00e9gration de la dimension de genre dans les syst\u00e8mes de suivi et d&rsquo;\u00e9valuation (S&amp;E) &#8211; bonnes pratiques\" tabindex=\"-1\" >\n\t\t\tLire la suite \u00bb\t\t<\/a>\n\n\t\t\t\t<\/div>\n\t\t\t\t<div class=\"elementor-post__meta-data\">\n\t\t\t\t\t<span class=\"elementor-post-date\">\n\t\t\t10 f\u00e9vrier 2022\t\t<\/span>\n\t\t\t\t<\/div>\n\t\t\t\t\t<\/div>\n\t\t<\/article>\n\t\t\t\t<article class=\"elementor-post elementor-grid-item post-10713 post type-post status-publish format-standard has-post-thumbnail hentry category-blog-fr\" role=\"listitem\">\n\t\t\t<div class=\"elementor-post__card\">\n\t\t\t\t<a class=\"elementor-post__thumbnail__link\" href=\"https:\/\/www.toladata.com\/fr\/blog\/plan-de-suivi-et-evaluation-se-pour-les-ong\/\" tabindex=\"-1\" ><div class=\"elementor-post__thumbnail\"><img loading=\"lazy\" decoding=\"async\" width=\"300\" height=\"157\" src=\"https:\/\/www.toladata.com\/wp-content\/uploads\/2019\/06\/monitoring-and-evaluation-plan-toladata-3-300x157.jpg\" class=\"attachment-medium size-medium wp-image-10717\" alt=\"\" srcset=\"https:\/\/www.toladata.com\/wp-content\/uploads\/2019\/06\/monitoring-and-evaluation-plan-toladata-3-300x157.jpg 300w, https:\/\/www.toladata.com\/wp-content\/uploads\/2019\/06\/monitoring-and-evaluation-plan-toladata-3-768x402.jpg 768w, https:\/\/www.toladata.com\/wp-content\/uploads\/2019\/06\/monitoring-and-evaluation-plan-toladata-3-1024x536.jpg 1024w, https:\/\/www.toladata.com\/wp-content\/uploads\/2019\/06\/monitoring-and-evaluation-plan-toladata-3.jpg 1200w\" sizes=\"(max-width: 300px) 100vw, 300px\" \/><\/div><\/a>\n\t\t\t\t<div class=\"elementor-post__text\">\n\t\t\t\t<h3 class=\"elementor-post__title\">\n\t\t\t<a href=\"https:\/\/www.toladata.com\/fr\/blog\/plan-de-suivi-et-evaluation-se-pour-les-ong\/\" >\n\t\t\t\tPlan de suivi et \u00e9valuation (S&#038;E) pour les ONG\t\t\t<\/a>\n\t\t<\/h3>\n\t\t\t\t<div class=\"elementor-post__excerpt\">\n\t\t\t<p>Suivi et \u00e9valuation (S&#038;E) pour les ONG Notre guide simple articule les \u00e9l\u00e9ments cl\u00e9s et les \u00e9tapes importantes de l&rsquo;\u00e9laboration d&rsquo;un plan de suivi et<\/p>\n\t\t<\/div>\n\t\t\n\t\t<a class=\"elementor-post__read-more\" href=\"https:\/\/www.toladata.com\/fr\/blog\/plan-de-suivi-et-evaluation-se-pour-les-ong\/\" aria-label=\"En savoir plus sur Plan de suivi et \u00e9valuation (S&#038;E) pour les ONG\" tabindex=\"-1\" >\n\t\t\tLire la suite \u00bb\t\t<\/a>\n\n\t\t\t\t<\/div>\n\t\t\t\t<div class=\"elementor-post__meta-data\">\n\t\t\t\t\t<span class=\"elementor-post-date\">\n\t\t\t21 janvier 2021\t\t<\/span>\n\t\t\t\t<\/div>\n\t\t\t\t\t<\/div>\n\t\t<\/article>\n\t\t\t\t<\/div>\n\t\t\n\t\t\t\t\t\t<\/div>\n\t\t\t\t<\/div>\n\t\t\t\t\t<\/div>\n\t\t<\/div>\n\t\t\t\t\t<\/div>\n\t\t<\/section>\n\t\t\t\t<\/div>\n\t\t","protected":false},"excerpt":{"rendered":"<p>Mises \u00e0 jour de la num\u00e9risation du secteur des ONG.<\/p>\n","protected":false},"author":2,"featured_media":0,"parent":0,"menu_order":0,"comment_status":"closed","ping_status":"closed","template":"","meta":{"site-sidebar-layout":"no-sidebar","site-content-layout":"page-builder","ast-site-content-layout":"","site-content-style":"default","site-sidebar-style":"default","ast-global-header-display":"","ast-banner-title-visibility":"","ast-main-header-display":"","ast-hfb-above-header-display":"","ast-hfb-below-header-display":"","ast-hfb-mobile-header-display":"","site-post-title":"disabled","ast-breadcrumbs-content":"","ast-featured-img":"disabled","footer-sml-layout":"","theme-transparent-header-meta":"default","adv-header-id-meta":"","stick-header-meta":"","header-above-stick-meta":"","header-main-stick-meta":"","header-below-stick-meta":"","astra-migrate-meta-layouts":"default","ast-page-background-enabled":"default","ast-page-background-meta":{"desktop":{"background-color":"","background-image":"","background-repeat":"repeat","background-position":"center center","background-size":"auto","background-attachment":"scroll","background-type":"","background-media":"","overlay-type":"","overlay-color":"","overlay-opacity":"","overlay-gradient":""},"tablet":{"background-color":"","background-image":"","background-repeat":"repeat","background-position":"center center","background-size":"auto","background-attachment":"scroll","background-type":"","background-media":"","overlay-type":"","overlay-color":"","overlay-opacity":"","overlay-gradient":""},"mobile":{"background-color":"","background-image":"","background-repeat":"repeat","background-position":"center center","background-size":"auto","background-attachment":"scroll","background-type":"","background-media":"","overlay-type":"","overlay-color":"","overlay-opacity":"","overlay-gradient":""}},"ast-content-background-meta":{"desktop":{"background-color":"var(--ast-global-color-5)","background-image":"","background-repeat":"repeat","background-position":"center center","background-size":"auto","background-attachment":"scroll","background-type":"","background-media":"","overlay-type":"","overlay-color":"","overlay-opacity":"","overlay-gradient":""},"tablet":{"background-color":"var(--ast-global-color-5)","background-image":"","background-repeat":"repeat","background-position":"center center","background-size":"auto","background-attachment":"scroll","background-type":"","background-media":"","overlay-type":"","overlay-color":"","overlay-opacity":"","overlay-gradient":""},"mobile":{"background-color":"var(--ast-global-color-5)","background-image":"","background-repeat":"repeat","background-position":"center center","background-size":"auto","background-attachment":"scroll","background-type":"","background-media":"","overlay-type":"","overlay-color":"","overlay-opacity":"","overlay-gradient":""}},"footnotes":""},"class_list":["post-10691","page","type-page","status-publish","hentry"],"yoast_head":"<!-- This site is optimized with the Yoast SEO plugin v27.2 - https:\/\/yoast.com\/product\/yoast-seo-wordpress\/ -->\n<title>Blog - TolaData<\/title>\n<meta name=\"description\" content=\"Mises \u00e0 jour de la num\u00e9risation du secteur des ONG.\" \/>\n<meta name=\"robots\" content=\"index, follow, max-snippet:-1, max-image-preview:large, max-video-preview:-1\" \/>\n<link rel=\"canonical\" href=\"https:\/\/www.toladata.com\/blog\/\" \/>\n<meta property=\"og:locale\" content=\"fr_FR\" \/>\n<meta property=\"og:type\" content=\"article\" \/>\n<meta property=\"og:title\" content=\"Blog - TolaData\" \/>\n<meta property=\"og:description\" content=\"Mises \u00e0 jour de la num\u00e9risation du secteur des ONG.\" \/>\n<meta property=\"og:url\" content=\"https:\/\/www.toladata.com\/blog\/\" \/>\n<meta property=\"og:site_name\" content=\"TolaData\" \/>\n<meta property=\"article:publisher\" content=\"https:\/\/www.facebook.com\/toladata\/\" \/>\n<meta property=\"article:modified_time\" content=\"2021-03-01T14:27:38+00:00\" \/>\n<meta property=\"og:image\" content=\"https:\/\/www.toladata.com\/wp-content\/uploads\/2021\/01\/blog-de-toladata-1024x304.png\" \/>\n<meta name=\"twitter:card\" content=\"summary_large_image\" \/>\n<meta name=\"twitter:site\" content=\"@toladata\" \/>\n<script type=\"application\/ld+json\" class=\"yoast-schema-graph\">{\"@context\":\"https:\/\/schema.org\",\"@graph\":[{\"@type\":\"WebPage\",\"@id\":\"https:\/\/www.toladata.com\/blog\/\",\"url\":\"https:\/\/www.toladata.com\/blog\/\",\"name\":\"Blog - TolaData\",\"isPartOf\":{\"@id\":\"https:\/\/www.toladata.com\/#website\"},\"primaryImageOfPage\":{\"@id\":\"https:\/\/www.toladata.com\/blog\/#primaryimage\"},\"image\":{\"@id\":\"https:\/\/www.toladata.com\/blog\/#primaryimage\"},\"thumbnailUrl\":\"https:\/\/www.toladata.com\/wp-content\/uploads\/2021\/01\/blog-de-toladata-1024x304.png\",\"datePublished\":\"2021-01-21T11:29:22+00:00\",\"dateModified\":\"2021-03-01T14:27:38+00:00\",\"description\":\"Mises \u00e0 jour de la num\u00e9risation du secteur des ONG.\",\"breadcrumb\":{\"@id\":\"https:\/\/www.toladata.com\/blog\/#breadcrumb\"},\"inLanguage\":\"fr-FR\",\"potentialAction\":[{\"@type\":\"ReadAction\",\"target\":[\"https:\/\/www.toladata.com\/blog\/\"]}]},{\"@type\":\"ImageObject\",\"inLanguage\":\"fr-FR\",\"@id\":\"https:\/\/www.toladata.com\/blog\/#primaryimage\",\"url\":\"https:\/\/www.toladata.com\/wp-content\/uploads\/2021\/01\/blog-de-toladata-1024x304.png\",\"contentUrl\":\"https:\/\/www.toladata.com\/wp-content\/uploads\/2021\/01\/blog-de-toladata-1024x304.png\"},{\"@type\":\"BreadcrumbList\",\"@id\":\"https:\/\/www.toladata.com\/blog\/#breadcrumb\",\"itemListElement\":[{\"@type\":\"ListItem\",\"position\":1,\"name\":\"Home\",\"item\":\"https:\/\/www.toladata.com\/\"},{\"@type\":\"ListItem\",\"position\":2,\"name\":\"Blog\"}]},{\"@type\":\"WebSite\",\"@id\":\"https:\/\/www.toladata.com\/#website\",\"url\":\"https:\/\/www.toladata.com\/\",\"name\":\"TolaData\",\"description\":\"Enabling organisations to create positive impact\",\"publisher\":{\"@id\":\"https:\/\/www.toladata.com\/#organization\"},\"potentialAction\":[{\"@type\":\"SearchAction\",\"target\":{\"@type\":\"EntryPoint\",\"urlTemplate\":\"https:\/\/www.toladata.com\/?s={search_term_string}\"},\"query-input\":{\"@type\":\"PropertyValueSpecification\",\"valueRequired\":true,\"valueName\":\"search_term_string\"}}],\"inLanguage\":\"fr-FR\"},{\"@type\":\"Organization\",\"@id\":\"https:\/\/www.toladata.com\/#organization\",\"name\":\"TolaData\",\"url\":\"https:\/\/www.toladata.com\/\",\"logo\":{\"@type\":\"ImageObject\",\"inLanguage\":\"fr-FR\",\"@id\":\"https:\/\/www.toladata.com\/#\/schema\/logo\/image\/\",\"url\":\"https:\/\/www.toladata.com\/wp-content\/uploads\/2017\/11\/logo-colors-large.png\",\"contentUrl\":\"https:\/\/www.toladata.com\/wp-content\/uploads\/2017\/11\/logo-colors-large.png\",\"width\":100,\"height\":120,\"caption\":\"TolaData\"},\"image\":{\"@id\":\"https:\/\/www.toladata.com\/#\/schema\/logo\/image\/\"},\"sameAs\":[\"https:\/\/www.facebook.com\/toladata\/\",\"https:\/\/x.com\/toladata\",\"https:\/\/www.linkedin.com\/company\/toladata\/\",\"https:\/\/www.youtube.com\/channel\/UCala_GmlWtE7vpI_g51OgjQ\"]}]}<\/script>\n<!-- \/ Yoast SEO plugin. -->","yoast_head_json":{"title":"Blog - TolaData","description":"Mises \u00e0 jour de la num\u00e9risation du secteur des ONG.","robots":{"index":"index","follow":"follow","max-snippet":"max-snippet:-1","max-image-preview":"max-image-preview:large","max-video-preview":"max-video-preview:-1"},"canonical":"https:\/\/www.toladata.com\/blog\/","og_locale":"fr_FR","og_type":"article","og_title":"Blog - TolaData","og_description":"Mises \u00e0 jour de la num\u00e9risation du secteur des ONG.","og_url":"https:\/\/www.toladata.com\/blog\/","og_site_name":"TolaData","article_publisher":"https:\/\/www.facebook.com\/toladata\/","article_modified_time":"2021-03-01T14:27:38+00:00","og_image":[{"url":"https:\/\/www.toladata.com\/wp-content\/uploads\/2021\/01\/blog-de-toladata-1024x304.png","type":"","width":"","height":""}],"twitter_card":"summary_large_image","twitter_site":"@toladata","schema":{"@context":"https:\/\/schema.org","@graph":[{"@type":"WebPage","@id":"https:\/\/www.toladata.com\/blog\/","url":"https:\/\/www.toladata.com\/blog\/","name":"Blog - TolaData","isPartOf":{"@id":"https:\/\/www.toladata.com\/#website"},"primaryImageOfPage":{"@id":"https:\/\/www.toladata.com\/blog\/#primaryimage"},"image":{"@id":"https:\/\/www.toladata.com\/blog\/#primaryimage"},"thumbnailUrl":"https:\/\/www.toladata.com\/wp-content\/uploads\/2021\/01\/blog-de-toladata-1024x304.png","datePublished":"2021-01-21T11:29:22+00:00","dateModified":"2021-03-01T14:27:38+00:00","description":"Mises \u00e0 jour de la num\u00e9risation du secteur des ONG.","breadcrumb":{"@id":"https:\/\/www.toladata.com\/blog\/#breadcrumb"},"inLanguage":"fr-FR","potentialAction":[{"@type":"ReadAction","target":["https:\/\/www.toladata.com\/blog\/"]}]},{"@type":"ImageObject","inLanguage":"fr-FR","@id":"https:\/\/www.toladata.com\/blog\/#primaryimage","url":"https:\/\/www.toladata.com\/wp-content\/uploads\/2021\/01\/blog-de-toladata-1024x304.png","contentUrl":"https:\/\/www.toladata.com\/wp-content\/uploads\/2021\/01\/blog-de-toladata-1024x304.png"},{"@type":"BreadcrumbList","@id":"https:\/\/www.toladata.com\/blog\/#breadcrumb","itemListElement":[{"@type":"ListItem","position":1,"name":"Home","item":"https:\/\/www.toladata.com\/"},{"@type":"ListItem","position":2,"name":"Blog"}]},{"@type":"WebSite","@id":"https:\/\/www.toladata.com\/#website","url":"https:\/\/www.toladata.com\/","name":"TolaData","description":"Enabling organisations to create positive impact","publisher":{"@id":"https:\/\/www.toladata.com\/#organization"},"potentialAction":[{"@type":"SearchAction","target":{"@type":"EntryPoint","urlTemplate":"https:\/\/www.toladata.com\/?s={search_term_string}"},"query-input":{"@type":"PropertyValueSpecification","valueRequired":true,"valueName":"search_term_string"}}],"inLanguage":"fr-FR"},{"@type":"Organization","@id":"https:\/\/www.toladata.com\/#organization","name":"TolaData","url":"https:\/\/www.toladata.com\/","logo":{"@type":"ImageObject","inLanguage":"fr-FR","@id":"https:\/\/www.toladata.com\/#\/schema\/logo\/image\/","url":"https:\/\/www.toladata.com\/wp-content\/uploads\/2017\/11\/logo-colors-large.png","contentUrl":"https:\/\/www.toladata.com\/wp-content\/uploads\/2017\/11\/logo-colors-large.png","width":100,"height":120,"caption":"TolaData"},"image":{"@id":"https:\/\/www.toladata.com\/#\/schema\/logo\/image\/"},"sameAs":["https:\/\/www.facebook.com\/toladata\/","https:\/\/x.com\/toladata","https:\/\/www.linkedin.com\/company\/toladata\/","https:\/\/www.youtube.com\/channel\/UCala_GmlWtE7vpI_g51OgjQ"]}]}},"_links":{"self":[{"href":"https:\/\/www.toladata.com\/fr\/wp-json\/wp\/v2\/pages\/10691","targetHints":{"allow":["GET"]}}],"collection":[{"href":"https:\/\/www.toladata.com\/fr\/wp-json\/wp\/v2\/pages"}],"about":[{"href":"https:\/\/www.toladata.com\/fr\/wp-json\/wp\/v2\/types\/page"}],"author":[{"embeddable":true,"href":"https:\/\/www.toladata.com\/fr\/wp-json\/wp\/v2\/users\/2"}],"replies":[{"embeddable":true,"href":"https:\/\/www.toladata.com\/fr\/wp-json\/wp\/v2\/comments?post=10691"}],"version-history":[{"count":8,"href":"https:\/\/www.toladata.com\/fr\/wp-json\/wp\/v2\/pages\/10691\/revisions"}],"predecessor-version":[{"id":11450,"href":"https:\/\/www.toladata.com\/fr\/wp-json\/wp\/v2\/pages\/10691\/revisions\/11450"}],"wp:attachment":[{"href":"https:\/\/www.toladata.com\/fr\/wp-json\/wp\/v2\/media?parent=10691"}],"curies":[{"name":"wp","href":"https:\/\/api.w.org\/{rel}","templated":true}]}}