{"id":1435,"date":"2018-01-26T12:26:41","date_gmt":"2018-01-26T12:26:41","guid":{"rendered":"https:\/\/www.toladata.com\/?page_id=1435"},"modified":"2024-03-28T10:40:51","modified_gmt":"2024-03-28T09:40:51","slug":"blog","status":"publish","type":"page","link":"https:\/\/www.toladata.com\/de\/blog\/","title":{"rendered":"Blog"},"content":{"rendered":"\t\t<div data-elementor-type=\"wp-post\" data-elementor-id=\"1435\" class=\"elementor elementor-1435\" data-elementor-post-type=\"page\">\n\t\t\t\t\t\t<section class=\"elementor-section elementor-top-section elementor-element elementor-element-a49a9ea elementor-section-boxed elementor-section-height-default elementor-section-height-default\" data-id=\"a49a9ea\" data-element_type=\"section\" data-e-type=\"section\">\n\t\t\t\t\t\t<div class=\"elementor-container elementor-column-gap-default\">\n\t\t\t\t\t<div class=\"elementor-column elementor-col-100 elementor-top-column elementor-element elementor-element-163326c\" data-id=\"163326c\" data-element_type=\"column\" data-e-type=\"column\">\n\t\t\t<div class=\"elementor-widget-wrap elementor-element-populated\">\n\t\t\t\t\t\t<div class=\"elementor-element elementor-element-c51e3de elementor-widget elementor-widget-image\" data-id=\"c51e3de\" data-element_type=\"widget\" data-e-type=\"widget\" data-widget_type=\"image.default\">\n\t\t\t\t<div class=\"elementor-widget-container\">\n\t\t\t\t\t\t\t\t\t\t\t\t\t\t\t<img fetchpriority=\"high\" decoding=\"async\" width=\"1024\" height=\"300\" src=\"https:\/\/www.toladata.com\/wp-content\/uploads\/2018\/02\/Blog-banner-v1.6-1024x300.png\" class=\"attachment-large size-large wp-image-10913\" alt=\"toladata blog\" srcset=\"https:\/\/www.toladata.com\/wp-content\/uploads\/2018\/02\/Blog-banner-v1.6.png 1024w, https:\/\/www.toladata.com\/wp-content\/uploads\/2018\/02\/Blog-banner-v1.6-300x88.png 300w, https:\/\/www.toladata.com\/wp-content\/uploads\/2018\/02\/Blog-banner-v1.6-768x225.png 768w\" sizes=\"(max-width: 1024px) 100vw, 1024px\" \/>\t\t\t\t\t\t\t\t\t\t\t\t\t\t\t<\/div>\n\t\t\t\t<\/div>\n\t\t\t\t\t<\/div>\n\t\t<\/div>\n\t\t\t\t\t<\/div>\n\t\t<\/section>\n\t\t\t\t<section class=\"elementor-section elementor-top-section elementor-element elementor-element-41ee783 elementor-section-boxed elementor-section-height-default elementor-section-height-default\" data-id=\"41ee783\" data-element_type=\"section\" data-e-type=\"section\">\n\t\t\t\t\t\t<div class=\"elementor-container elementor-column-gap-default\">\n\t\t\t\t\t<div class=\"elementor-column elementor-col-100 elementor-top-column elementor-element elementor-element-f1b13c4\" data-id=\"f1b13c4\" data-element_type=\"column\" data-e-type=\"column\">\n\t\t\t<div class=\"elementor-widget-wrap elementor-element-populated\">\n\t\t\t\t\t\t<div class=\"elementor-element elementor-element-fe17151 elementor-widget elementor-widget-text-editor\" data-id=\"fe17151\" data-element_type=\"widget\" data-e-type=\"widget\" data-widget_type=\"text-editor.default\">\n\t\t\t\t<div class=\"elementor-widget-container\">\n\t\t\t\t\t\t\t\t\t<p>Our latest company news, product announcements and updates.<\/p>\t\t\t\t\t\t\t\t<\/div>\n\t\t\t\t<\/div>\n\t\t\t\t\t<\/div>\n\t\t<\/div>\n\t\t\t\t\t<\/div>\n\t\t<\/section>\n\t\t\t\t<section class=\"elementor-section elementor-top-section elementor-element elementor-element-a02e86a elementor-section-boxed elementor-section-height-default elementor-section-height-default\" data-id=\"a02e86a\" data-element_type=\"section\" data-e-type=\"section\">\n\t\t\t\t\t\t<div class=\"elementor-container elementor-column-gap-default\">\n\t\t\t\t\t<div class=\"elementor-column elementor-col-100 elementor-top-column elementor-element elementor-element-ad737d2\" data-id=\"ad737d2\" data-element_type=\"column\" data-e-type=\"column\">\n\t\t\t<div class=\"elementor-widget-wrap elementor-element-populated\">\n\t\t\t\t\t\t<div class=\"elementor-element elementor-element-17f1435 elementor-grid-3 elementor-grid-tablet-2 elementor-grid-mobile-1 elementor-posts--thumbnail-top elementor-card-shadow-yes elementor-posts__hover-gradient elementor-widget elementor-widget-posts\" data-id=\"17f1435\" data-element_type=\"widget\" data-e-type=\"widget\" data-settings=\"{&quot;pagination_type&quot;:&quot;numbers&quot;,&quot;cards_columns&quot;:&quot;3&quot;,&quot;cards_columns_tablet&quot;:&quot;2&quot;,&quot;cards_columns_mobile&quot;:&quot;1&quot;,&quot;cards_row_gap&quot;:{&quot;unit&quot;:&quot;px&quot;,&quot;size&quot;:35,&quot;sizes&quot;:[]},&quot;cards_row_gap_tablet&quot;:{&quot;unit&quot;:&quot;px&quot;,&quot;size&quot;:&quot;&quot;,&quot;sizes&quot;:[]},&quot;cards_row_gap_mobile&quot;:{&quot;unit&quot;:&quot;px&quot;,&quot;size&quot;:&quot;&quot;,&quot;sizes&quot;:[]}}\" data-widget_type=\"posts.cards\">\n\t\t\t\t<div class=\"elementor-widget-container\">\n\t\t\t\t\t\t\t<div class=\"elementor-posts-container elementor-posts elementor-posts--skin-cards elementor-grid\" role=\"list\">\n\t\t\t\t<article class=\"elementor-post elementor-grid-item post-27750 post type-post status-publish format-standard has-post-thumbnail hentry category-blog-de tag-arbeiterwohlfahrt-de tag-awo-de tag-digitale-beteiligung tag-digitale-inklusion tag-digiteilhabe-de tag-impact-monitoring-de tag-impact-orientation-de tag-impact-oriented-monitoring-de tag-social-sector-de\" role=\"listitem\">\n\t\t\t<div class=\"elementor-post__card\">\n\t\t\t\t<a class=\"elementor-post__thumbnail__link\" href=\"https:\/\/www.toladata.com\/de\/blog\/die-kraft-des-nachweises-eine-kultur-der-digitalen-wirkungsorientierung-bei-der-awo-foerdern\/\" tabindex=\"-1\" ><div class=\"elementor-post__thumbnail\"><img decoding=\"async\" width=\"300\" height=\"169\" src=\"https:\/\/www.toladata.com\/wp-content\/uploads\/2024\/06\/banner-300x169.png\" class=\"attachment-medium size-medium wp-image-27681\" alt=\"\" srcset=\"https:\/\/www.toladata.com\/wp-content\/uploads\/2024\/06\/banner-300x169.png 300w, https:\/\/www.toladata.com\/wp-content\/uploads\/2024\/06\/banner-1024x576.png 1024w, https:\/\/www.toladata.com\/wp-content\/uploads\/2024\/06\/banner-768x432.png 768w, https:\/\/www.toladata.com\/wp-content\/uploads\/2024\/06\/banner.png 1120w\" sizes=\"(max-width: 300px) 100vw, 300px\" \/><\/div><\/a>\n\t\t\t\t<div class=\"elementor-post__text\">\n\t\t\t\t<h3 class=\"elementor-post__title\">\n\t\t\t<a href=\"https:\/\/www.toladata.com\/de\/blog\/die-kraft-des-nachweises-eine-kultur-der-digitalen-wirkungsorientierung-bei-der-awo-foerdern\/\" >\n\t\t\t\tDie Kraft des Nachweises: Eine Kultur der digitalen Wirkungsorientierung bei der AWO f\u00f6rdern\t\t\t<\/a>\n\t\t<\/h3>\n\t\t\t\t<div class=\"elementor-post__excerpt\">\n\t\t\t<p>Die DigiTeilhabe-Initiative unterst\u00fctzt digitale F\u00e4higkeiten und Chancen f\u00fcr vulnerable Zielgruppen in Deutschland. Bild: Die Arbeiterwohlfahrt e. V. Wir sprechen mit Matthias Schug, Projektleiter bei der<\/p>\n\t\t<\/div>\n\t\t\n\t\t<a class=\"elementor-post__read-more\" href=\"https:\/\/www.toladata.com\/de\/blog\/die-kraft-des-nachweises-eine-kultur-der-digitalen-wirkungsorientierung-bei-der-awo-foerdern\/\" aria-label=\"Mehr \u00fcber Die Kraft des Nachweises: Eine Kultur der digitalen Wirkungsorientierung bei der AWO f\u00f6rdern\" tabindex=\"-1\" >\n\t\t\tRead More \u00bb\t\t<\/a>\n\n\t\t\t\t<\/div>\n\t\t\t\t<div class=\"elementor-post__meta-data\">\n\t\t\t\t\t<span class=\"elementor-post-date\">\n\t\t\t14. August 2024\t\t<\/span>\n\t\t\t\t<\/div>\n\t\t\t\t\t<\/div>\n\t\t<\/article>\n\t\t\t\t<\/div>\n\t\t\n\t\t\t\t\t\t<\/div>\n\t\t\t\t<\/div>\n\t\t\t\t\t<\/div>\n\t\t<\/div>\n\t\t\t\t\t<\/div>\n\t\t<\/section>\n\t\t\t\t<\/div>\n\t\t","protected":false},"excerpt":{"rendered":"<p>Our latest company news, product announcements and updates.<\/p>\n","protected":false},"author":2,"featured_media":13797,"parent":0,"menu_order":0,"comment_status":"closed","ping_status":"closed","template":"","meta":{"site-sidebar-layout":"no-sidebar","site-content-layout":"page-builder","ast-site-content-layout":"","site-content-style":"default","site-sidebar-style":"default","ast-global-header-display":"","ast-banner-title-visibility":"","ast-main-header-display":"","ast-hfb-above-header-display":"","ast-hfb-below-header-display":"","ast-hfb-mobile-header-display":"","site-post-title":"disabled","ast-breadcrumbs-content":"","ast-featured-img":"disabled","footer-sml-layout":"","theme-transparent-header-meta":"default","adv-header-id-meta":"","stick-header-meta":"","header-above-stick-meta":"","header-main-stick-meta":"","header-below-stick-meta":"","astra-migrate-meta-layouts":"default","ast-page-background-enabled":"default","ast-page-background-meta":{"desktop":{"background-color":"","background-image":"","background-repeat":"repeat","background-position":"center center","background-size":"auto","background-attachment":"scroll","background-type":"","background-media":"","overlay-type":"","overlay-color":"","overlay-opacity":"","overlay-gradient":""},"tablet":{"background-color":"","background-image":"","background-repeat":"repeat","background-position":"center center","background-size":"auto","background-attachment":"scroll","background-type":"","background-media":"","overlay-type":"","overlay-color":"","overlay-opacity":"","overlay-gradient":""},"mobile":{"background-color":"","background-image":"","background-repeat":"repeat","background-position":"center center","background-size":"auto","background-attachment":"scroll","background-type":"","background-media":"","overlay-type":"","overlay-color":"","overlay-opacity":"","overlay-gradient":""}},"ast-content-background-meta":{"desktop":{"background-color":"var(--ast-global-color-5)","background-image":"","background-repeat":"repeat","background-position":"center center","background-size":"auto","background-attachment":"scroll","background-type":"","background-media":"","overlay-type":"","overlay-color":"","overlay-opacity":"","overlay-gradient":""},"tablet":{"background-color":"var(--ast-global-color-5)","background-image":"","background-repeat":"repeat","background-position":"center center","background-size":"auto","background-attachment":"scroll","background-type":"","background-media":"","overlay-type":"","overlay-color":"","overlay-opacity":"","overlay-gradient":""},"mobile":{"background-color":"var(--ast-global-color-5)","background-image":"","background-repeat":"repeat","background-position":"center center","background-size":"auto","background-attachment":"scroll","background-type":"","background-media":"","overlay-type":"","overlay-color":"","overlay-opacity":"","overlay-gradient":""}},"footnotes":""},"class_list":["post-1435","page","type-page","status-publish","has-post-thumbnail","hentry"],"yoast_head":"<!-- This site is optimized with the Yoast SEO plugin v27.2 - https:\/\/yoast.com\/product\/yoast-seo-wordpress\/ -->\n<title>Blog - TolaData<\/title>\n<meta name=\"description\" content=\"Updates from the digitisation of the NGO sector.\" \/>\n<meta name=\"robots\" content=\"index, follow, max-snippet:-1, max-image-preview:large, max-video-preview:-1\" \/>\n<link rel=\"canonical\" href=\"https:\/\/www.toladata.com\/blog\/\" \/>\n<meta property=\"og:locale\" content=\"de_DE\" \/>\n<meta property=\"og:type\" content=\"article\" \/>\n<meta property=\"og:title\" content=\"Blog - TolaData\" \/>\n<meta property=\"og:description\" content=\"Updates from the digitisation of the NGO sector.\" \/>\n<meta property=\"og:url\" content=\"https:\/\/www.toladata.com\/blog\/\" \/>\n<meta property=\"og:site_name\" content=\"TolaData\" \/>\n<meta property=\"article:publisher\" content=\"https:\/\/www.facebook.com\/toladata\/\" \/>\n<meta property=\"article:modified_time\" content=\"2024-03-28T09:40:51+00:00\" \/>\n<meta property=\"og:image\" content=\"https:\/\/www.toladata.com\/wp-content\/uploads\/2021\/06\/Qualitative-and-Quantitative-data-collection-methods-in-ME-TolaData-1-2.png\" \/>\n\t<meta property=\"og:image:width\" content=\"1558\" \/>\n\t<meta property=\"og:image:height\" content=\"1148\" \/>\n\t<meta property=\"og:image:type\" content=\"image\/png\" \/>\n<meta name=\"twitter:card\" content=\"summary_large_image\" \/>\n<meta name=\"twitter:site\" content=\"@toladata\" \/>\n<meta name=\"twitter:label1\" content=\"Gesch\u00e4tzte Lesezeit\" \/>\n\t<meta name=\"twitter:data1\" content=\"27\u00a0Minuten\" \/>\n<script type=\"application\/ld+json\" class=\"yoast-schema-graph\">{\"@context\":\"https:\/\/schema.org\",\"@graph\":[{\"@type\":\"WebPage\",\"@id\":\"https:\/\/www.toladata.com\/blog\/\",\"url\":\"https:\/\/www.toladata.com\/blog\/\",\"name\":\"Blog - TolaData\",\"isPartOf\":{\"@id\":\"https:\/\/www.toladata.com\/#website\"},\"primaryImageOfPage\":{\"@id\":\"https:\/\/www.toladata.com\/blog\/#primaryimage\"},\"image\":{\"@id\":\"https:\/\/www.toladata.com\/blog\/#primaryimage\"},\"thumbnailUrl\":\"https:\/\/www.toladata.com\/wp-content\/uploads\/2021\/06\/Qualitative-and-Quantitative-data-collection-methods-in-ME-TolaData-1-2.png\",\"datePublished\":\"2018-01-26T12:26:41+00:00\",\"dateModified\":\"2024-03-28T09:40:51+00:00\",\"description\":\"Updates from the digitisation of the NGO sector.\",\"breadcrumb\":{\"@id\":\"https:\/\/www.toladata.com\/blog\/#breadcrumb\"},\"inLanguage\":\"de\",\"potentialAction\":[{\"@type\":\"ReadAction\",\"target\":[\"https:\/\/www.toladata.com\/blog\/\"]}]},{\"@type\":\"ImageObject\",\"inLanguage\":\"de\",\"@id\":\"https:\/\/www.toladata.com\/blog\/#primaryimage\",\"url\":\"https:\/\/www.toladata.com\/wp-content\/uploads\/2021\/06\/Qualitative-and-Quantitative-data-collection-methods-in-ME-TolaData-1-2.png\",\"contentUrl\":\"https:\/\/www.toladata.com\/wp-content\/uploads\/2021\/06\/Qualitative-and-Quantitative-data-collection-methods-in-ME-TolaData-1-2.png\",\"width\":1558,\"height\":1148,\"caption\":\"qualitative and quantitative data collection methods in M&E\"},{\"@type\":\"BreadcrumbList\",\"@id\":\"https:\/\/www.toladata.com\/blog\/#breadcrumb\",\"itemListElement\":[{\"@type\":\"ListItem\",\"position\":1,\"name\":\"Home\",\"item\":\"https:\/\/www.toladata.com\/\"},{\"@type\":\"ListItem\",\"position\":2,\"name\":\"Blog\"}]},{\"@type\":\"WebSite\",\"@id\":\"https:\/\/www.toladata.com\/#website\",\"url\":\"https:\/\/www.toladata.com\/\",\"name\":\"TolaData\",\"description\":\"Enabling organisations to create positive impact\",\"publisher\":{\"@id\":\"https:\/\/www.toladata.com\/#organization\"},\"potentialAction\":[{\"@type\":\"SearchAction\",\"target\":{\"@type\":\"EntryPoint\",\"urlTemplate\":\"https:\/\/www.toladata.com\/?s={search_term_string}\"},\"query-input\":{\"@type\":\"PropertyValueSpecification\",\"valueRequired\":true,\"valueName\":\"search_term_string\"}}],\"inLanguage\":\"de\"},{\"@type\":\"Organization\",\"@id\":\"https:\/\/www.toladata.com\/#organization\",\"name\":\"TolaData\",\"url\":\"https:\/\/www.toladata.com\/\",\"logo\":{\"@type\":\"ImageObject\",\"inLanguage\":\"de\",\"@id\":\"https:\/\/www.toladata.com\/#\/schema\/logo\/image\/\",\"url\":\"https:\/\/www.toladata.com\/wp-content\/uploads\/2017\/11\/logo-colors-large.png\",\"contentUrl\":\"https:\/\/www.toladata.com\/wp-content\/uploads\/2017\/11\/logo-colors-large.png\",\"width\":100,\"height\":120,\"caption\":\"TolaData\"},\"image\":{\"@id\":\"https:\/\/www.toladata.com\/#\/schema\/logo\/image\/\"},\"sameAs\":[\"https:\/\/www.facebook.com\/toladata\/\",\"https:\/\/x.com\/toladata\",\"https:\/\/www.linkedin.com\/company\/toladata\/\",\"https:\/\/www.youtube.com\/channel\/UCala_GmlWtE7vpI_g51OgjQ\"]}]}<\/script>\n<!-- \/ Yoast SEO plugin. -->","yoast_head_json":{"title":"Blog - TolaData","description":"Updates from the digitisation of the NGO sector.","robots":{"index":"index","follow":"follow","max-snippet":"max-snippet:-1","max-image-preview":"max-image-preview:large","max-video-preview":"max-video-preview:-1"},"canonical":"https:\/\/www.toladata.com\/blog\/","og_locale":"de_DE","og_type":"article","og_title":"Blog - TolaData","og_description":"Updates from the digitisation of the NGO sector.","og_url":"https:\/\/www.toladata.com\/blog\/","og_site_name":"TolaData","article_publisher":"https:\/\/www.facebook.com\/toladata\/","article_modified_time":"2024-03-28T09:40:51+00:00","og_image":[{"width":1558,"height":1148,"url":"https:\/\/www.toladata.com\/wp-content\/uploads\/2021\/06\/Qualitative-and-Quantitative-data-collection-methods-in-ME-TolaData-1-2.png","type":"image\/png"}],"twitter_card":"summary_large_image","twitter_site":"@toladata","twitter_misc":{"Gesch\u00e4tzte Lesezeit":"27\u00a0Minuten"},"schema":{"@context":"https:\/\/schema.org","@graph":[{"@type":"WebPage","@id":"https:\/\/www.toladata.com\/blog\/","url":"https:\/\/www.toladata.com\/blog\/","name":"Blog - TolaData","isPartOf":{"@id":"https:\/\/www.toladata.com\/#website"},"primaryImageOfPage":{"@id":"https:\/\/www.toladata.com\/blog\/#primaryimage"},"image":{"@id":"https:\/\/www.toladata.com\/blog\/#primaryimage"},"thumbnailUrl":"https:\/\/www.toladata.com\/wp-content\/uploads\/2021\/06\/Qualitative-and-Quantitative-data-collection-methods-in-ME-TolaData-1-2.png","datePublished":"2018-01-26T12:26:41+00:00","dateModified":"2024-03-28T09:40:51+00:00","description":"Updates from the digitisation of the NGO sector.","breadcrumb":{"@id":"https:\/\/www.toladata.com\/blog\/#breadcrumb"},"inLanguage":"de","potentialAction":[{"@type":"ReadAction","target":["https:\/\/www.toladata.com\/blog\/"]}]},{"@type":"ImageObject","inLanguage":"de","@id":"https:\/\/www.toladata.com\/blog\/#primaryimage","url":"https:\/\/www.toladata.com\/wp-content\/uploads\/2021\/06\/Qualitative-and-Quantitative-data-collection-methods-in-ME-TolaData-1-2.png","contentUrl":"https:\/\/www.toladata.com\/wp-content\/uploads\/2021\/06\/Qualitative-and-Quantitative-data-collection-methods-in-ME-TolaData-1-2.png","width":1558,"height":1148,"caption":"qualitative and quantitative data collection methods in M&E"},{"@type":"BreadcrumbList","@id":"https:\/\/www.toladata.com\/blog\/#breadcrumb","itemListElement":[{"@type":"ListItem","position":1,"name":"Home","item":"https:\/\/www.toladata.com\/"},{"@type":"ListItem","position":2,"name":"Blog"}]},{"@type":"WebSite","@id":"https:\/\/www.toladata.com\/#website","url":"https:\/\/www.toladata.com\/","name":"TolaData","description":"Enabling organisations to create positive impact","publisher":{"@id":"https:\/\/www.toladata.com\/#organization"},"potentialAction":[{"@type":"SearchAction","target":{"@type":"EntryPoint","urlTemplate":"https:\/\/www.toladata.com\/?s={search_term_string}"},"query-input":{"@type":"PropertyValueSpecification","valueRequired":true,"valueName":"search_term_string"}}],"inLanguage":"de"},{"@type":"Organization","@id":"https:\/\/www.toladata.com\/#organization","name":"TolaData","url":"https:\/\/www.toladata.com\/","logo":{"@type":"ImageObject","inLanguage":"de","@id":"https:\/\/www.toladata.com\/#\/schema\/logo\/image\/","url":"https:\/\/www.toladata.com\/wp-content\/uploads\/2017\/11\/logo-colors-large.png","contentUrl":"https:\/\/www.toladata.com\/wp-content\/uploads\/2017\/11\/logo-colors-large.png","width":100,"height":120,"caption":"TolaData"},"image":{"@id":"https:\/\/www.toladata.com\/#\/schema\/logo\/image\/"},"sameAs":["https:\/\/www.facebook.com\/toladata\/","https:\/\/x.com\/toladata","https:\/\/www.linkedin.com\/company\/toladata\/","https:\/\/www.youtube.com\/channel\/UCala_GmlWtE7vpI_g51OgjQ"]}]}},"_links":{"self":[{"href":"https:\/\/www.toladata.com\/de\/wp-json\/wp\/v2\/pages\/1435","targetHints":{"allow":["GET"]}}],"collection":[{"href":"https:\/\/www.toladata.com\/de\/wp-json\/wp\/v2\/pages"}],"about":[{"href":"https:\/\/www.toladata.com\/de\/wp-json\/wp\/v2\/types\/page"}],"author":[{"embeddable":true,"href":"https:\/\/www.toladata.com\/de\/wp-json\/wp\/v2\/users\/2"}],"replies":[{"embeddable":true,"href":"https:\/\/www.toladata.com\/de\/wp-json\/wp\/v2\/comments?post=1435"}],"version-history":[{"count":45,"href":"https:\/\/www.toladata.com\/de\/wp-json\/wp\/v2\/pages\/1435\/revisions"}],"predecessor-version":[{"id":26105,"href":"https:\/\/www.toladata.com\/de\/wp-json\/wp\/v2\/pages\/1435\/revisions\/26105"}],"wp:featuredmedia":[{"embeddable":true,"href":"https:\/\/www.toladata.com\/de\/wp-json\/wp\/v2\/media\/13797"}],"wp:attachment":[{"href":"https:\/\/www.toladata.com\/de\/wp-json\/wp\/v2\/media?parent=1435"}],"curies":[{"name":"wp","href":"https:\/\/api.w.org\/{rel}","templated":true}]}}